{"id":296,"date":"2025-12-15T18:22:08","date_gmt":"2025-12-15T17:22:08","guid":{"rendered":"https:\/\/coreconnect.es\/activites\/"},"modified":"2026-02-04T16:12:52","modified_gmt":"2026-02-04T15:12:52","slug":"activites","status":"publish","type":"page","link":"https:\/\/coreconnect.es\/fr\/activites\/","title":{"rendered":"Activit\u00e9s"},"content":{"rendered":"\n<div class=\"wp-block-group alignfull is-layout-constrained wp-block-group-is-layout-constrained\" id=\"home-actividades\">\n<div class=\"wp-block-columns is-layout-flex wp-container-core-columns-is-layout-28f84493 wp-block-columns-is-layout-flex\">\n<div class=\"wp-block-column is-layout-flow wp-block-column-is-layout-flow\" style=\"flex-basis:35%\">\n<h3 class=\"wp-block-heading has-ast-global-color-0-color has-text-color has-link-color wp-elements-d1c0bcee151c48e397d62e73889c54a3\">Espaces de croissance et de connexion<\/h3>\n\n\n\n<p>D\u00e9couvrez les programmes, ateliers et rencontres \u00e0 venir. Chaque activit\u00e9 est une opportunit\u00e9 de vous reconnecter avec vous-m\u00eame, de partager en communaut\u00e9 et de continuer \u00e0 grandir \u00e0 partir de l\u2019exp\u00e9rience. <\/p>\n<\/div>\n\n\n\n<div class=\"wp-block-column is-layout-flow wp-block-column-is-layout-flow\">        <div class=\"cc-actividades-wrapper\">\r\n            \r\n                <div class=\"cc-actividad-row\">\r\n                    <div class=\"cc-col-tipo\">\r\n                        Programme                    <\/div>\r\n\r\n                    <div class=\"cc-col-fecha\">\r\n                        2026                    <\/div>\r\n\r\n                    <div class=\"cc-col-info\">\r\n                        <h3 class=\"cc-titulo\">\r\n                            <a href=\"https:\/\/coreconnect.es\/fr\/actividad\/programme-ocean-women\/\">Programme Ocean Women<\/a>\r\n                        <\/h3>\r\n                        <a href=\"https:\/\/coreconnect.es\/fr\/actividad\/programme-ocean-women\/\" class=\"cc-ver-mas\">+ Voir plus<\/a>\r\n                    <\/div>\r\n                <\/div>\r\n\r\n            \r\n                <div class=\"cc-actividad-row\">\r\n                    <div class=\"cc-col-tipo\">\r\n                        Programme                    <\/div>\r\n\r\n                    <div class=\"cc-col-fecha\">\r\n                        2026                    <\/div>\r\n\r\n                    <div class=\"cc-col-info\">\r\n                        <h3 class=\"cc-titulo\">\r\n                            <a href=\"https:\/\/coreconnect.es\/fr\/actividad\/programme-e-c-r\/\">Programme E.C.R.<\/a>\r\n                        <\/h3>\r\n                        <a href=\"https:\/\/coreconnect.es\/fr\/actividad\/programme-e-c-r\/\" class=\"cc-ver-mas\">+ Voir plus<\/a>\r\n                    <\/div>\r\n                <\/div>\r\n\r\n                    <\/div>\r\n    \n<\/div>\n<\/div>\n<\/div>\n","protected":false},"excerpt":{"rendered":"<p>Espaces de croissance et de connexion D\u00e9couvrez les programmes, ateliers et rencontres \u00e0 venir. Chaque activit\u00e9 est une opportunit\u00e9 de [&hellip;]<\/p>\n","protected":false},"author":1,"featured_media":0,"parent":0,"menu_order":0,"comment_status":"closed","ping_status":"closed","template":"","meta":{"_acf_changed":false,"site-sidebar-layout":"default","site-content-layout":"","ast-site-content-layout":"default","site-content-style":"default","site-sidebar-style":"default","ast-global-header-display":"","ast-banner-title-visibility":"","ast-main-header-display":"","ast-hfb-above-header-display":"","ast-hfb-below-header-display":"","ast-hfb-mobile-header-display":"","site-post-title":"disabled","ast-breadcrumbs-content":"","ast-featured-img":"","footer-sml-layout":"","ast-disable-related-posts":"","theme-transparent-header-meta":"","adv-header-id-meta":"","stick-header-meta":"","header-above-stick-meta":"","header-main-stick-meta":"","header-below-stick-meta":"","astra-migrate-meta-layouts":"default","ast-page-background-enabled":"default","ast-page-background-meta":{"desktop":{"background-color":"var(--ast-global-color-5)","background-image":"","background-repeat":"repeat","background-position":"center center","background-size":"auto","background-attachment":"scroll","background-type":"","background-media":"","overlay-type":"","overlay-color":"","overlay-opacity":"","overlay-gradient":""},"tablet":{"background-color":"","background-image":"","background-repeat":"repeat","background-position":"center center","background-size":"auto","background-attachment":"scroll","background-type":"","background-media":"","overlay-type":"","overlay-color":"","overlay-opacity":"","overlay-gradient":""},"mobile":{"background-color":"","background-image":"","background-repeat":"repeat","background-position":"center center","background-size":"auto","background-attachment":"scroll","background-type":"","background-media":"","overlay-type":"","overlay-color":"","overlay-opacity":"","overlay-gradient":""}},"ast-content-background-meta":{"desktop":{"background-color":"var(--ast-global-color-4)","background-image":"","background-repeat":"repeat","background-position":"center center","background-size":"auto","background-attachment":"scroll","background-type":"","background-media":"","overlay-type":"","overlay-color":"","overlay-opacity":"","overlay-gradient":""},"tablet":{"background-color":"var(--ast-global-color-4)","background-image":"","background-repeat":"repeat","background-position":"center center","background-size":"auto","background-attachment":"scroll","background-type":"","background-media":"","overlay-type":"","overlay-color":"","overlay-opacity":"","overlay-gradient":""},"mobile":{"background-color":"var(--ast-global-color-4)","background-image":"","background-repeat":"repeat","background-position":"center center","background-size":"auto","background-attachment":"scroll","background-type":"","background-media":"","overlay-type":"","overlay-color":"","overlay-opacity":"","overlay-gradient":""}},"footnotes":""},"class_list":["post-296","page","type-page","status-publish","hentry"],"acf":[],"yoast_head":"<!-- This site is optimized with the Yoast SEO plugin v26.9 - https:\/\/yoast.com\/product\/yoast-seo-wordpress\/ -->\n<title>Activit\u00e9s - CoreConnect<\/title>\n<meta name=\"robots\" content=\"index, follow, max-snippet:-1, max-image-preview:large, max-video-preview:-1\" \/>\n<link rel=\"canonical\" href=\"https:\/\/coreconnect.es\/fr\/activites\/\" \/>\n<meta property=\"og:locale\" content=\"fr_FR\" \/>\n<meta property=\"og:type\" content=\"article\" \/>\n<meta property=\"og:title\" content=\"Activit\u00e9s - CoreConnect\" \/>\n<meta property=\"og:description\" content=\"Espaces de croissance et de connexion D\u00e9couvrez les programmes, ateliers et rencontres \u00e0 venir. Chaque activit\u00e9 est une opportunit\u00e9 de [&hellip;]\" \/>\n<meta property=\"og:url\" content=\"https:\/\/coreconnect.es\/fr\/activites\/\" \/>\n<meta property=\"og:site_name\" content=\"CoreConnect\" \/>\n<meta property=\"article:modified_time\" content=\"2026-02-04T15:12:52+00:00\" \/>\n<meta name=\"twitter:card\" content=\"summary_large_image\" \/>\n<script type=\"application\/ld+json\" class=\"yoast-schema-graph\">{\"@context\":\"https:\/\/schema.org\",\"@graph\":[{\"@type\":\"WebPage\",\"@id\":\"https:\/\/coreconnect.es\/fr\/activites\/\",\"url\":\"https:\/\/coreconnect.es\/fr\/activites\/\",\"name\":\"Activit\u00e9s - CoreConnect\",\"isPartOf\":{\"@id\":\"https:\/\/coreconnect.es\/fr\/#website\"},\"datePublished\":\"2025-12-15T17:22:08+00:00\",\"dateModified\":\"2026-02-04T15:12:52+00:00\",\"breadcrumb\":{\"@id\":\"https:\/\/coreconnect.es\/fr\/activites\/#breadcrumb\"},\"inLanguage\":\"fr-FR\",\"potentialAction\":[{\"@type\":\"ReadAction\",\"target\":[\"https:\/\/coreconnect.es\/fr\/activites\/\"]}]},{\"@type\":\"BreadcrumbList\",\"@id\":\"https:\/\/coreconnect.es\/fr\/activites\/#breadcrumb\",\"itemListElement\":[{\"@type\":\"ListItem\",\"position\":1,\"name\":\"Portada\",\"item\":\"https:\/\/coreconnect.es\/fr\/accueil\/\"},{\"@type\":\"ListItem\",\"position\":2,\"name\":\"Activit\u00e9s\"}]},{\"@type\":\"WebSite\",\"@id\":\"https:\/\/coreconnect.es\/fr\/#website\",\"url\":\"https:\/\/coreconnect.es\/fr\/\",\"name\":\"CoreConnect\",\"description\":\"Eres mucho m\u00e1s que tus circunstancias\",\"publisher\":{\"@id\":\"https:\/\/coreconnect.es\/fr\/#organization\"},\"potentialAction\":[{\"@type\":\"SearchAction\",\"target\":{\"@type\":\"EntryPoint\",\"urlTemplate\":\"https:\/\/coreconnect.es\/fr\/?s={search_term_string}\"},\"query-input\":{\"@type\":\"PropertyValueSpecification\",\"valueRequired\":true,\"valueName\":\"search_term_string\"}}],\"inLanguage\":\"fr-FR\"},{\"@type\":\"Organization\",\"@id\":\"https:\/\/coreconnect.es\/fr\/#organization\",\"name\":\"CoreConnect\",\"url\":\"https:\/\/coreconnect.es\/fr\/\",\"logo\":{\"@type\":\"ImageObject\",\"inLanguage\":\"fr-FR\",\"@id\":\"https:\/\/coreconnect.es\/fr\/#\/schema\/logo\/image\/\",\"url\":\"https:\/\/coreconnect.es\/wp-content\/uploads\/2025\/12\/coreconnect-logo.svg\",\"contentUrl\":\"https:\/\/coreconnect.es\/wp-content\/uploads\/2025\/12\/coreconnect-logo.svg\",\"caption\":\"CoreConnect\"},\"image\":{\"@id\":\"https:\/\/coreconnect.es\/fr\/#\/schema\/logo\/image\/\"}}]}<\/script>\n<!-- \/ Yoast SEO plugin. -->","yoast_head_json":{"title":"Activit\u00e9s - CoreConnect","robots":{"index":"index","follow":"follow","max-snippet":"max-snippet:-1","max-image-preview":"max-image-preview:large","max-video-preview":"max-video-preview:-1"},"canonical":"https:\/\/coreconnect.es\/fr\/activites\/","og_locale":"fr_FR","og_type":"article","og_title":"Activit\u00e9s - CoreConnect","og_description":"Espaces de croissance et de connexion D\u00e9couvrez les programmes, ateliers et rencontres \u00e0 venir. Chaque activit\u00e9 est une opportunit\u00e9 de [&hellip;]","og_url":"https:\/\/coreconnect.es\/fr\/activites\/","og_site_name":"CoreConnect","article_modified_time":"2026-02-04T15:12:52+00:00","twitter_card":"summary_large_image","schema":{"@context":"https:\/\/schema.org","@graph":[{"@type":"WebPage","@id":"https:\/\/coreconnect.es\/fr\/activites\/","url":"https:\/\/coreconnect.es\/fr\/activites\/","name":"Activit\u00e9s - CoreConnect","isPartOf":{"@id":"https:\/\/coreconnect.es\/fr\/#website"},"datePublished":"2025-12-15T17:22:08+00:00","dateModified":"2026-02-04T15:12:52+00:00","breadcrumb":{"@id":"https:\/\/coreconnect.es\/fr\/activites\/#breadcrumb"},"inLanguage":"fr-FR","potentialAction":[{"@type":"ReadAction","target":["https:\/\/coreconnect.es\/fr\/activites\/"]}]},{"@type":"BreadcrumbList","@id":"https:\/\/coreconnect.es\/fr\/activites\/#breadcrumb","itemListElement":[{"@type":"ListItem","position":1,"name":"Portada","item":"https:\/\/coreconnect.es\/fr\/accueil\/"},{"@type":"ListItem","position":2,"name":"Activit\u00e9s"}]},{"@type":"WebSite","@id":"https:\/\/coreconnect.es\/fr\/#website","url":"https:\/\/coreconnect.es\/fr\/","name":"CoreConnect","description":"Eres mucho m\u00e1s que tus circunstancias","publisher":{"@id":"https:\/\/coreconnect.es\/fr\/#organization"},"potentialAction":[{"@type":"SearchAction","target":{"@type":"EntryPoint","urlTemplate":"https:\/\/coreconnect.es\/fr\/?s={search_term_string}"},"query-input":{"@type":"PropertyValueSpecification","valueRequired":true,"valueName":"search_term_string"}}],"inLanguage":"fr-FR"},{"@type":"Organization","@id":"https:\/\/coreconnect.es\/fr\/#organization","name":"CoreConnect","url":"https:\/\/coreconnect.es\/fr\/","logo":{"@type":"ImageObject","inLanguage":"fr-FR","@id":"https:\/\/coreconnect.es\/fr\/#\/schema\/logo\/image\/","url":"https:\/\/coreconnect.es\/wp-content\/uploads\/2025\/12\/coreconnect-logo.svg","contentUrl":"https:\/\/coreconnect.es\/wp-content\/uploads\/2025\/12\/coreconnect-logo.svg","caption":"CoreConnect"},"image":{"@id":"https:\/\/coreconnect.es\/fr\/#\/schema\/logo\/image\/"}}]}},"_links":{"self":[{"href":"https:\/\/coreconnect.es\/fr\/wp-json\/wp\/v2\/pages\/296","targetHints":{"allow":["GET"]}}],"collection":[{"href":"https:\/\/coreconnect.es\/fr\/wp-json\/wp\/v2\/pages"}],"about":[{"href":"https:\/\/coreconnect.es\/fr\/wp-json\/wp\/v2\/types\/page"}],"author":[{"embeddable":true,"href":"https:\/\/coreconnect.es\/fr\/wp-json\/wp\/v2\/users\/1"}],"replies":[{"embeddable":true,"href":"https:\/\/coreconnect.es\/fr\/wp-json\/wp\/v2\/comments?post=296"}],"version-history":[{"count":1,"href":"https:\/\/coreconnect.es\/fr\/wp-json\/wp\/v2\/pages\/296\/revisions"}],"predecessor-version":[{"id":297,"href":"https:\/\/coreconnect.es\/fr\/wp-json\/wp\/v2\/pages\/296\/revisions\/297"}],"wp:attachment":[{"href":"https:\/\/coreconnect.es\/fr\/wp-json\/wp\/v2\/media?parent=296"}],"curies":[{"name":"wp","href":"https:\/\/api.w.org\/{rel}","templated":true}]}}