{"id":280,"date":"2025-12-15T18:11:38","date_gmt":"2025-12-15T17:11:38","guid":{"rendered":"https:\/\/coreconnect.es\/accueil\/"},"modified":"2026-02-12T20:12:10","modified_gmt":"2026-02-12T19:12:10","slug":"accueil","status":"publish","type":"page","link":"https:\/\/coreconnect.es\/fr\/","title":{"rendered":"Accueil"},"content":{"rendered":"\n<div class=\"wp-block-cover alignfull has-parallax\" style=\"min-height:100vh;aspect-ratio:unset;\" id=\"home-hero\"><div class=\"wp-block-cover__image-background wp-image-45 size-full has-parallax\" style=\"background-position:50% 50%;background-image:url(https:\/\/coreconnect.es\/wp-content\/uploads\/2025\/12\/Capa_1-14.svg)\"><\/div><span aria-hidden=\"true\" class=\"wp-block-cover__background has-background-dim-60 has-background-dim wp-block-cover__gradient-background has-background-gradient\" style=\"background:linear-gradient(0deg,rgb(239,125,0) 0%,rgb(233,46,69) 49%,rgb(229,0,109) 100%)\"><\/span><div class=\"wp-block-cover__inner-container is-layout-constrained wp-block-cover-is-layout-constrained\">\n<h1 class=\"wp-block-heading has-text-align-center has-ast-global-color-4-color has-text-color has-link-color wp-elements-98b8dbc6f2bac85bcabe06d665ef69e0\">Tu es bien plus que tes circonstances<\/h1>\n\n\n\n<p class=\"has-text-align-center has-ast-global-color-4-color has-text-color has-link-color wp-elements-068d98bda2c2123506c3149a794d8302\">CoreConnect : ONG de soutien \u00e9motionnel aux femmes<\/p>\n<\/div><\/div>\n\n<div class=\"wp-block-group alignfull rounded-top has-ast-global-color-4-background-color has-background is-layout-constrained wp-container-core-group-is-layout-0c12be03 wp-block-group-is-layout-constrained\" id=\"home-quienes-somos\">\n<h5 class=\"wp-block-heading has-text-align-center has-ast-global-color-0-color has-text-color has-link-color wp-elements-be527aa54523847757c5b18a827b46a5\" style=\"text-transform:uppercase\">Qui sommes-nous ?<\/h5>\n\n\n\n<h2 class=\"wp-block-heading has-text-align-center has-ast-global-color-0-color has-text-color has-link-color wp-elements-41519ff34ddff92fd56a0353f9fe578b\">As-tu l\u2019impression que ta vie se d\u00e9sorganise ? Nous t\u2019aidons \u00e0 te retrouver. \u00c0 te rappeler ta valeur, ta force et ta capacit\u00e9 \u00e0 cr\u00e9er \u00e0 partir de la vuln\u00e9rabilit\u00e9<\/h2>\n\n\n\n<div style=\"height:50px\" aria-hidden=\"true\" class=\"wp-block-spacer\"><\/div>\n\n\n\r\n    <div class=\"cc-timeline-container\">\r\n        <div class=\"cc-timeline-line\">\r\n            <div class=\"cc-heart-icon\"><\/div>\r\n            <div class=\"cc-dot-end\"><\/div>\r\n        <\/div>\r\n\r\n                    <div class=\"cc-timeline-item\">\r\n                \r\n                <div class=\"cc-content left\">\r\n                    <h5 class=\"cc-label\">POINT DE D\u00c9PART<\/h5>\r\n                    <h3>La perte <br>et la d\u00e9connexion<\/h3>\r\n                    <p>Parfois, la vie nous arrache les liens qui nous soutenaient. Migrer, se s\u00e9parer, subir une perte ou une rupture profonde... Ce sont des exp\u00e9riences qui d\u00e9sordonnent ce que nous sommes et nous laissent sans r\u00e9f\u00e9rence.  <\/p>\r\n                <\/div>\r\n\r\n                <div class=\"cc-dot\"><\/div>            <\/div>\r\n                    <div class=\"cc-timeline-item\">\r\n                <div class=\"cc-dot\"><\/div>\r\n                <div class=\"cc-content right\">\r\n                    <h5 class=\"cc-label\">LA RECONNAISSANCE<\/h5>\r\n                    <h3>La vuln\u00e9rabilit\u00e9 <br>comme point de d\u00e9part<\/h3>\r\n                    <p>La douleur m&#039;enseigne que je suis vuln\u00e9rable. Que je ne peux pas tout faire. Mais elle me rappelle aussi que je suis vivante et que je peux cr\u00e9er \u00e0 partir de cette blessure.  <\/p>\r\n                <\/div>\r\n\r\n                            <\/div>\r\n                    <div class=\"cc-timeline-item\">\r\n                \r\n                <div class=\"cc-content left\">\r\n                    <h5 class=\"cc-label\">LA TRANSFORMATION<\/h5>\r\n                    <h3>La cr\u00e9ativit\u00e9 <br>comme acte de vie<\/h3>\r\n                    <p>Tout changement vital est un appel \u00e0 la possibilit\u00e9. Reconsid\u00e9rer nos croyances, observer sans r\u00e9sistance et oser imaginer de nouvelles fa\u00e7ons d&#039;exister et de coexister. <\/p>\r\n                <\/div>\r\n\r\n                <div class=\"cc-dot\"><\/div>            <\/div>\r\n                    <div class=\"cc-timeline-item\">\r\n                <div class=\"cc-dot\"><\/div>\r\n                <div class=\"cc-content right\">\r\n                    <h5 class=\"cc-label\">LA CONNEXION<\/h5>\r\n                    <h3>La tribu et l'humanit\u00e9 <br>partag\u00e9e<\/h3>\r\n                    <p>Chez CoreConnect, nous croyons au pouvoir de s&#039;accompagner. \u00c0 retrouver l&#039;esprit de la tribu&nbsp;: o\u00f9 les femmes se soignent, s&#039;\u00e9coutent et s&#039;inspirent mutuellement. <\/p>\r\n                <\/div>\r\n\r\n                            <\/div>\r\n            <\/div>\r\n\r\n            <div class=\"cc-final-block scroll-animate\">\r\n            <h5 class=\"cc-label\">LE BUT<\/h5>\r\n            <h3>Nous sommes un r\u00e9seau<\/h3>\r\n            <p>Pratiquer l&#039;humanit\u00e9 partag\u00e9e, c&#039;est se souvenir que nous formons un r\u00e9seau. Que chacune a le pouvoir de se r\u00e9inventer et d&#039;aider les autres \u00e0 le faire aussi. <\/p>\r\n        <\/div>\r\n    \r\n    <script>\r\n        document.addEventListener(\"DOMContentLoaded\", function() {\r\n            \/\/ Seleccionamos tanto los \u00edtems de la l\u00ednea como el bloque final\r\n            const targets = document.querySelectorAll('.cc-timeline-item, .scroll-animate');\r\n\r\n            const observer = new IntersectionObserver((entries) => {\r\n                entries.forEach(entry => {\r\n                    if (entry.isIntersecting) {\r\n                        entry.target.classList.add('visible');\r\n                    }\r\n                });\r\n            }, {\r\n                threshold: 0.15\r\n            });\r\n\r\n            targets.forEach(item => {\r\n                observer.observe(item);\r\n            });\r\n        });\r\n    <\/script>\r\n\r\n    \n<\/div>\n\n<div class=\"wp-block-cover alignfull has-parallax\" style=\"min-height:80vh;aspect-ratio:unset;\" id=\"home-birds\"><div class=\"wp-block-cover__image-background wp-image-58 size-full has-parallax\" style=\"background-position:50% 50%;background-image:url(https:\/\/coreconnect.es\/wp-content\/uploads\/2025\/12\/a8914d43cc7a353524f83f2324476e4e86724f94-1.webp)\"><\/div><span aria-hidden=\"true\" class=\"wp-block-cover__background has-background-dim-20 has-background-dim\"><\/span><div class=\"wp-block-cover__inner-container is-layout-constrained wp-block-cover-is-layout-constrained\">\n<p class=\"has-text-align-center has-ast-global-color-4-color has-text-color has-link-color has-x-large-font-size wp-elements-a7faeb59b91a0cef9b82fa42e637128a\"><em>\u00ab Les oiseaux n\u00e9s en cage pensent que voler est une maladie. \u00bb<\/em><br\/><strong>Alejandro Jodorowsky<\/strong><\/p>\n<\/div><\/div>\n\n<div class=\"wp-block-group alignfull rounded-top has-ast-global-color-5-background-color has-background is-layout-constrained wp-block-group-is-layout-constrained\" id=\"home-nuestra-esencia\">\n<div class=\"wp-block-columns is-layout-flex wp-container-core-columns-is-layout-28f84493 wp-block-columns-is-layout-flex\">\n<div class=\"wp-block-column is-layout-flow wp-block-column-is-layout-flow\" style=\"flex-basis:35%\">\n<h5 class=\"wp-block-heading\" style=\"text-transform:uppercase\">Nous<\/h5>\n\n\n\n<h3 class=\"wp-block-heading\"><br\/>Notre essence se r\u00e9sume en trois principes<\/h3>\n\n\n\n<p>Chez CoreConnect, nous accompagnons les femmes qui traversent des processus de migration, de rupture, de violence et d\u2019autres \u00e9v\u00e9nements.<\/p>\n\n\n\n<p>Nous aspirons \u00e0 retrouver l\u2019esprit de la tribu\u00a0: <strong>un espace o\u00f9 chaque femme est valoris\u00e9e, \u00e9cout\u00e9e et reconnue pour sa singularit\u00e9.<\/strong><\/p>\n\n\n\n<div class=\"wp-block-buttons is-layout-flex wp-block-buttons-is-layout-flex\">\n<div class=\"wp-block-button\"><a class=\"wp-block-button__link wp-element-button\" href=\"https:\/\/coreconnect.es\/fr\/qui-sommes-nous\/\">Qui sommes-nous<\/a><\/div>\n<\/div>\n<\/div>\n\n\n\n<div class=\"wp-block-column is-layout-flow wp-block-column-is-layout-flow\">\n<div class=\"wp-block-columns is-layout-flex wp-container-core-columns-is-layout-28f84493 wp-block-columns-is-layout-flex\" id=\"home-esencia-columnas\">\n<div class=\"wp-block-column has-ast-global-color-4-background-color has-background is-layout-flow wp-block-column-is-layout-flow\">\n<figure class=\"wp-block-image aligncenter size-full\"><img decoding=\"async\" src=\"https:\/\/coreconnect.es\/wp-content\/uploads\/2025\/12\/Vector-4.svg\" alt=\"\" class=\"wp-image-66\"\/><\/figure>\n\n\n\n<h3 class=\"wp-block-heading has-text-align-center has-ast-global-color-0-color has-text-color has-link-color wp-elements-350cb64330c0ac631c7228dae94ff917\">Cr\u00e9ation<\/h3>\n\n\n\n<p class=\"has-text-align-center\">Ce que nous donnons au monde \u00e0 travers notre travail, nos mains et nos id\u00e9es.<\/p>\n<\/div>\n\n\n\n<div class=\"wp-block-column has-ast-global-color-4-background-color has-background is-layout-flow wp-block-column-is-layout-flow\">\n<figure class=\"wp-block-image aligncenter size-full\"><img decoding=\"async\" src=\"https:\/\/coreconnect.es\/wp-content\/uploads\/2026\/01\/Group-3.svg\" alt=\"\" class=\"wp-image-218\"\/><\/figure>\n\n\n\n<h3 class=\"wp-block-heading has-text-align-center has-ast-global-color-0-color has-text-color has-link-color wp-elements-7faa33e2ea3debe396b4754d24e8812b\"><strong>Exp\u00e9rience<\/strong><\/h3>\n\n\n\n<p class=\"has-text-align-center\">Ce que nous recevons du monde, de la nature, de l\u2019art et des relations qui nous transforment.<\/p>\n<\/div>\n\n\n\n<div class=\"wp-block-column has-ast-global-color-4-background-color has-background is-layout-flow wp-block-column-is-layout-flow\">\n<figure class=\"wp-block-image aligncenter size-full\"><img decoding=\"async\" src=\"https:\/\/coreconnect.es\/wp-content\/uploads\/2025\/12\/Vector-5.svg\" alt=\"\" class=\"wp-image-68\"\/><\/figure>\n\n\n\n<h3 class=\"wp-block-heading has-text-align-center has-ast-global-color-0-color has-text-color has-link-color wp-elements-c8350987d694dbd10734aca4bb07fa5a\">Attitude<\/h3>\n\n\n\n<p class=\"has-text-align-center\">Le courage de choisir comment nous r\u00e9pondons aux d\u00e9fis de la vie, m\u00eame lorsque nous ne pouvons pas changer les circonstances.<\/p>\n<\/div>\n<\/div>\n<\/div>\n<\/div>\n<\/div>\n\n<div class=\"wp-block-group alignfull is-layout-constrained wp-block-group-is-layout-constrained\" id=\"home-actividades\">\n<div class=\"wp-block-columns is-layout-flex wp-container-core-columns-is-layout-28f84493 wp-block-columns-is-layout-flex\">\n<div class=\"wp-block-column is-layout-flow wp-block-column-is-layout-flow\" style=\"flex-basis:35%\">\n<h5 class=\"wp-block-heading has-ast-global-color-0-color has-text-color has-link-color wp-elements-e38ede21e68da37fff9a45f7b26c40c3\" style=\"text-transform:uppercase\">Activit\u00e9s<\/h5>\n\n\n\n<h3 class=\"wp-block-heading has-ast-global-color-0-color has-text-color has-link-color wp-elements-d1c0bcee151c48e397d62e73889c54a3\">Espaces de croissance et de connexion<\/h3>\n\n\n\n<p>D\u00e9couvrez les programmes, ateliers et rencontres \u00e0 venir. Chaque activit\u00e9 est une opportunit\u00e9 de vous reconnecter avec vous-m\u00eame, de partager en communaut\u00e9 et de continuer \u00e0 grandir \u00e0 partir de l\u2019exp\u00e9rience.<\/p>\n\n\n\n<div class=\"wp-block-buttons is-layout-flex wp-block-buttons-is-layout-flex\">\n<div class=\"wp-block-button\"><a class=\"wp-block-button__link wp-element-button\" href=\"https:\/\/coreconnect.es\/fr\/activites\/\">Voir plus d\u2019activit\u00e9s<\/a><\/div>\n<\/div>\n<\/div>\n\n\n\n<div class=\"wp-block-column is-layout-flow wp-block-column-is-layout-flow\">        <div class=\"cc-actividades-wrapper\">\r\n            \r\n                <div class=\"cc-actividad-row\">\r\n                    <div class=\"cc-col-tipo\">\r\n                        Programme                    <\/div>\r\n\r\n                    <div class=\"cc-col-fecha\">\r\n                        2026                    <\/div>\r\n\r\n                    <div class=\"cc-col-info\">\r\n                        <h3 class=\"cc-titulo\">\r\n                            <a href=\"https:\/\/coreconnect.es\/fr\/actividad\/programme-ocean-women\/\">Programme Ocean Women<\/a>\r\n                        <\/h3>\r\n                        <a href=\"https:\/\/coreconnect.es\/fr\/actividad\/programme-ocean-women\/\" class=\"cc-ver-mas\">+ Voir plus<\/a>\r\n                    <\/div>\r\n                <\/div>\r\n\r\n            \r\n                <div class=\"cc-actividad-row\">\r\n                    <div class=\"cc-col-tipo\">\r\n                        Programme                    <\/div>\r\n\r\n                    <div class=\"cc-col-fecha\">\r\n                        2026                    <\/div>\r\n\r\n                    <div class=\"cc-col-info\">\r\n                        <h3 class=\"cc-titulo\">\r\n                            <a href=\"https:\/\/coreconnect.es\/fr\/actividad\/programme-e-c-r\/\">Programme E.C.R.<\/a>\r\n                        <\/h3>\r\n                        <a href=\"https:\/\/coreconnect.es\/fr\/actividad\/programme-e-c-r\/\" class=\"cc-ver-mas\">+ Voir plus<\/a>\r\n                    <\/div>\r\n                <\/div>\r\n\r\n                    <\/div>\r\n    \n<\/div>\n<\/div>\n<\/div>\n\n<div class=\"wp-block-group alignfull is-layout-constrained wp-block-group-is-layout-constrained\" id=\"home-persona-increible\">\n<div class=\"wp-block-media-text has-media-on-the-right is-stacked-on-mobile has-ast-global-color-8-background-color has-background\" style=\"border-top-left-radius:100px;border-top-right-radius:100px;border-bottom-left-radius:100px;border-bottom-right-radius:100px;padding-top:var(--wp--preset--spacing--60);padding-right:var(--wp--preset--spacing--60);padding-bottom:var(--wp--preset--spacing--60);padding-left:var(--wp--preset--spacing--60)\"><div class=\"wp-block-media-text__content\">\n<p class=\"has-ast-global-color-7-color has-text-color has-link-color has-x-large-font-size wp-elements-77119a0f1a02525adc3636668139f1dd\"><em>Tu es une personne unique et irrempla\u00e7able. <strong>Personne ne doit te dire\u00a0: voici le format.<\/strong><\/em><\/p>\n<\/div><figure class=\"wp-block-media-text__media\"><img loading=\"lazy\" decoding=\"async\" width=\"740\" height=\"700\" src=\"https:\/\/coreconnect.es\/wp-content\/uploads\/2026\/01\/giffycanvas.gif\" alt=\"\" class=\"wp-image-215 size-full\"\/><\/figure><\/div>\n<\/div>\n\n<div class=\"wp-block-group alignfull is-layout-constrained wp-block-group-is-layout-constrained\" id=\"home-blog\">\n<h5 class=\"wp-block-heading has-text-align-center\" style=\"text-transform:uppercase\">Blog<\/h5>\n\n\n\n<h3 class=\"wp-block-heading has-text-align-center\">Explorez nos exp\u00e9riences, nos id\u00e9es et nos rencontres<\/h3>\n\n\n<ul class=\"wp-block-latest-posts__list is-grid columns-3 has-dates wp-block-latest-posts\"><\/ul>\n\n\n<div class=\"wp-block-buttons is-content-justification-center is-layout-flex wp-container-core-buttons-is-layout-a89b3969 wp-block-buttons-is-layout-flex\">\n<div class=\"wp-block-button\"><a class=\"wp-block-button__link wp-element-button\" href=\"https:\/\/coreconnect.es\/fr\/blog\/\">Voir le blog<\/a><\/div>\n<\/div>\n<\/div>\n","protected":false},"excerpt":{"rendered":"<p>Qui sommes-nous ? As-tu l\u2019impression que ta vie se d\u00e9sorganise ? Nous t\u2019aidons \u00e0 te retrouver. \u00c0 te rappeler ta [&hellip;]<\/p>\n","protected":false},"author":1,"featured_media":0,"parent":0,"menu_order":0,"comment_status":"closed","ping_status":"closed","template":"","meta":{"_acf_changed":false,"site-sidebar-layout":"no-sidebar","site-content-layout":"plain-container","ast-site-content-layout":"default","site-content-style":"default","site-sidebar-style":"default","ast-global-header-display":"","ast-banner-title-visibility":"","ast-main-header-display":"","ast-hfb-above-header-display":"","ast-hfb-below-header-display":"","ast-hfb-mobile-header-display":"","site-post-title":"disabled","ast-breadcrumbs-content":"","ast-featured-img":"","footer-sml-layout":"","ast-disable-related-posts":"","theme-transparent-header-meta":"enabled","adv-header-id-meta":"","stick-header-meta":"","header-above-stick-meta":"","header-main-stick-meta":"","header-below-stick-meta":"","astra-migrate-meta-layouts":"default","ast-page-background-enabled":"default","ast-page-background-meta":{"desktop":{"background-color":"var(--ast-global-color-5)","background-image":"","background-repeat":"repeat","background-position":"center center","background-size":"auto","background-attachment":"scroll","background-type":"","background-media":"","overlay-type":"","overlay-color":"","overlay-opacity":"","overlay-gradient":""},"tablet":{"background-color":"","background-image":"","background-repeat":"repeat","background-position":"center center","background-size":"auto","background-attachment":"scroll","background-type":"","background-media":"","overlay-type":"","overlay-color":"","overlay-opacity":"","overlay-gradient":""},"mobile":{"background-color":"","background-image":"","background-repeat":"repeat","background-position":"center center","background-size":"auto","background-attachment":"scroll","background-type":"","background-media":"","overlay-type":"","overlay-color":"","overlay-opacity":"","overlay-gradient":""}},"ast-content-background-meta":{"desktop":{"background-color":"var(--ast-global-color-4)","background-image":"","background-repeat":"repeat","background-position":"center center","background-size":"auto","background-attachment":"scroll","background-type":"","background-media":"","overlay-type":"","overlay-color":"","overlay-opacity":"","overlay-gradient":""},"tablet":{"background-color":"var(--ast-global-color-4)","background-image":"","background-repeat":"repeat","background-position":"center center","background-size":"auto","background-attachment":"scroll","background-type":"","background-media":"","overlay-type":"","overlay-color":"","overlay-opacity":"","overlay-gradient":""},"mobile":{"background-color":"var(--ast-global-color-4)","background-image":"","background-repeat":"repeat","background-position":"center center","background-size":"auto","background-attachment":"scroll","background-type":"","background-media":"","overlay-type":"","overlay-color":"","overlay-opacity":"","overlay-gradient":""}},"footnotes":""},"class_list":["post-280","page","type-page","status-publish","hentry"],"acf":[],"yoast_head":"<!-- This site is optimized with the Yoast SEO plugin v26.9 - https:\/\/yoast.com\/product\/yoast-seo-wordpress\/ -->\n<title>Accueil - CoreConnect<\/title>\n<meta name=\"robots\" content=\"index, follow, max-snippet:-1, max-image-preview:large, max-video-preview:-1\" \/>\n<link rel=\"canonical\" href=\"https:\/\/coreconnect.es\/fr\/\" \/>\n<meta property=\"og:locale\" content=\"fr_FR\" \/>\n<meta property=\"og:type\" content=\"article\" \/>\n<meta property=\"og:title\" content=\"Accueil - CoreConnect\" \/>\n<meta property=\"og:description\" content=\"Qui sommes-nous ? As-tu l\u2019impression que ta vie se d\u00e9sorganise ? Nous t\u2019aidons \u00e0 te retrouver. \u00c0 te rappeler ta [&hellip;]\" \/>\n<meta property=\"og:url\" content=\"https:\/\/coreconnect.es\/fr\/\" \/>\n<meta property=\"og:site_name\" content=\"CoreConnect\" \/>\n<meta property=\"article:modified_time\" content=\"2026-02-12T19:12:10+00:00\" \/>\n<meta name=\"twitter:card\" content=\"summary_large_image\" \/>\n<meta name=\"twitter:label1\" content=\"Dur\u00e9e de lecture estim\u00e9e\" \/>\n\t<meta name=\"twitter:data1\" content=\"1 minute\" \/>\n<script type=\"application\/ld+json\" class=\"yoast-schema-graph\">{\"@context\":\"https:\/\/schema.org\",\"@graph\":[{\"@type\":\"WebPage\",\"@id\":\"https:\/\/coreconnect.es\/fr\/\",\"url\":\"https:\/\/coreconnect.es\/fr\/\",\"name\":\"Accueil - CoreConnect\",\"isPartOf\":{\"@id\":\"https:\/\/coreconnect.es\/fr\/#website\"},\"primaryImageOfPage\":{\"@id\":\"https:\/\/coreconnect.es\/fr\/#primaryimage\"},\"image\":{\"@id\":\"https:\/\/coreconnect.es\/fr\/#primaryimage\"},\"thumbnailUrl\":\"https:\/\/coreconnect.es\/wp-content\/uploads\/2025\/12\/Vector-4.svg\",\"datePublished\":\"2025-12-15T17:11:38+00:00\",\"dateModified\":\"2026-02-12T19:12:10+00:00\",\"breadcrumb\":{\"@id\":\"https:\/\/coreconnect.es\/fr\/#breadcrumb\"},\"inLanguage\":\"fr-FR\",\"potentialAction\":[{\"@type\":\"ReadAction\",\"target\":[\"https:\/\/coreconnect.es\/fr\/\"]}]},{\"@type\":\"ImageObject\",\"inLanguage\":\"fr-FR\",\"@id\":\"https:\/\/coreconnect.es\/fr\/#primaryimage\",\"url\":\"https:\/\/coreconnect.es\/wp-content\/uploads\/2025\/12\/Vector-4.svg\",\"contentUrl\":\"https:\/\/coreconnect.es\/wp-content\/uploads\/2025\/12\/Vector-4.svg\"},{\"@type\":\"BreadcrumbList\",\"@id\":\"https:\/\/coreconnect.es\/fr\/#breadcrumb\",\"itemListElement\":[{\"@type\":\"ListItem\",\"position\":1,\"name\":\"Portada\",\"item\":\"https:\/\/coreconnect.es\/fr\/accueil\/\"},{\"@type\":\"ListItem\",\"position\":2,\"name\":\"Accueil\"}]},{\"@type\":\"WebSite\",\"@id\":\"https:\/\/coreconnect.es\/fr\/#website\",\"url\":\"https:\/\/coreconnect.es\/fr\/\",\"name\":\"CoreConnect\",\"description\":\"Eres mucho m\u00e1s que tus circunstancias\",\"publisher\":{\"@id\":\"https:\/\/coreconnect.es\/fr\/#organization\"},\"potentialAction\":[{\"@type\":\"SearchAction\",\"target\":{\"@type\":\"EntryPoint\",\"urlTemplate\":\"https:\/\/coreconnect.es\/fr\/?s={search_term_string}\"},\"query-input\":{\"@type\":\"PropertyValueSpecification\",\"valueRequired\":true,\"valueName\":\"search_term_string\"}}],\"inLanguage\":\"fr-FR\"},{\"@type\":\"Organization\",\"@id\":\"https:\/\/coreconnect.es\/fr\/#organization\",\"name\":\"CoreConnect\",\"url\":\"https:\/\/coreconnect.es\/fr\/\",\"logo\":{\"@type\":\"ImageObject\",\"inLanguage\":\"fr-FR\",\"@id\":\"https:\/\/coreconnect.es\/fr\/#\/schema\/logo\/image\/\",\"url\":\"https:\/\/coreconnect.es\/wp-content\/uploads\/2025\/12\/coreconnect-logo.svg\",\"contentUrl\":\"https:\/\/coreconnect.es\/wp-content\/uploads\/2025\/12\/coreconnect-logo.svg\",\"caption\":\"CoreConnect\"},\"image\":{\"@id\":\"https:\/\/coreconnect.es\/fr\/#\/schema\/logo\/image\/\"}}]}<\/script>\n<!-- \/ Yoast SEO plugin. -->","yoast_head_json":{"title":"Accueil - CoreConnect","robots":{"index":"index","follow":"follow","max-snippet":"max-snippet:-1","max-image-preview":"max-image-preview:large","max-video-preview":"max-video-preview:-1"},"canonical":"https:\/\/coreconnect.es\/fr\/","og_locale":"fr_FR","og_type":"article","og_title":"Accueil - CoreConnect","og_description":"Qui sommes-nous ? As-tu l\u2019impression que ta vie se d\u00e9sorganise ? Nous t\u2019aidons \u00e0 te retrouver. \u00c0 te rappeler ta [&hellip;]","og_url":"https:\/\/coreconnect.es\/fr\/","og_site_name":"CoreConnect","article_modified_time":"2026-02-12T19:12:10+00:00","twitter_card":"summary_large_image","twitter_misc":{"Dur\u00e9e de lecture estim\u00e9e":"1 minute"},"schema":{"@context":"https:\/\/schema.org","@graph":[{"@type":"WebPage","@id":"https:\/\/coreconnect.es\/fr\/","url":"https:\/\/coreconnect.es\/fr\/","name":"Accueil - CoreConnect","isPartOf":{"@id":"https:\/\/coreconnect.es\/fr\/#website"},"primaryImageOfPage":{"@id":"https:\/\/coreconnect.es\/fr\/#primaryimage"},"image":{"@id":"https:\/\/coreconnect.es\/fr\/#primaryimage"},"thumbnailUrl":"https:\/\/coreconnect.es\/wp-content\/uploads\/2025\/12\/Vector-4.svg","datePublished":"2025-12-15T17:11:38+00:00","dateModified":"2026-02-12T19:12:10+00:00","breadcrumb":{"@id":"https:\/\/coreconnect.es\/fr\/#breadcrumb"},"inLanguage":"fr-FR","potentialAction":[{"@type":"ReadAction","target":["https:\/\/coreconnect.es\/fr\/"]}]},{"@type":"ImageObject","inLanguage":"fr-FR","@id":"https:\/\/coreconnect.es\/fr\/#primaryimage","url":"https:\/\/coreconnect.es\/wp-content\/uploads\/2025\/12\/Vector-4.svg","contentUrl":"https:\/\/coreconnect.es\/wp-content\/uploads\/2025\/12\/Vector-4.svg"},{"@type":"BreadcrumbList","@id":"https:\/\/coreconnect.es\/fr\/#breadcrumb","itemListElement":[{"@type":"ListItem","position":1,"name":"Portada","item":"https:\/\/coreconnect.es\/fr\/accueil\/"},{"@type":"ListItem","position":2,"name":"Accueil"}]},{"@type":"WebSite","@id":"https:\/\/coreconnect.es\/fr\/#website","url":"https:\/\/coreconnect.es\/fr\/","name":"CoreConnect","description":"Eres mucho m\u00e1s que tus circunstancias","publisher":{"@id":"https:\/\/coreconnect.es\/fr\/#organization"},"potentialAction":[{"@type":"SearchAction","target":{"@type":"EntryPoint","urlTemplate":"https:\/\/coreconnect.es\/fr\/?s={search_term_string}"},"query-input":{"@type":"PropertyValueSpecification","valueRequired":true,"valueName":"search_term_string"}}],"inLanguage":"fr-FR"},{"@type":"Organization","@id":"https:\/\/coreconnect.es\/fr\/#organization","name":"CoreConnect","url":"https:\/\/coreconnect.es\/fr\/","logo":{"@type":"ImageObject","inLanguage":"fr-FR","@id":"https:\/\/coreconnect.es\/fr\/#\/schema\/logo\/image\/","url":"https:\/\/coreconnect.es\/wp-content\/uploads\/2025\/12\/coreconnect-logo.svg","contentUrl":"https:\/\/coreconnect.es\/wp-content\/uploads\/2025\/12\/coreconnect-logo.svg","caption":"CoreConnect"},"image":{"@id":"https:\/\/coreconnect.es\/fr\/#\/schema\/logo\/image\/"}}]}},"_links":{"self":[{"href":"https:\/\/coreconnect.es\/fr\/wp-json\/wp\/v2\/pages\/280","targetHints":{"allow":["GET"]}}],"collection":[{"href":"https:\/\/coreconnect.es\/fr\/wp-json\/wp\/v2\/pages"}],"about":[{"href":"https:\/\/coreconnect.es\/fr\/wp-json\/wp\/v2\/types\/page"}],"author":[{"embeddable":true,"href":"https:\/\/coreconnect.es\/fr\/wp-json\/wp\/v2\/users\/1"}],"replies":[{"embeddable":true,"href":"https:\/\/coreconnect.es\/fr\/wp-json\/wp\/v2\/comments?post=280"}],"version-history":[{"count":5,"href":"https:\/\/coreconnect.es\/fr\/wp-json\/wp\/v2\/pages\/280\/revisions"}],"predecessor-version":[{"id":360,"href":"https:\/\/coreconnect.es\/fr\/wp-json\/wp\/v2\/pages\/280\/revisions\/360"}],"wp:attachment":[{"href":"https:\/\/coreconnect.es\/fr\/wp-json\/wp\/v2\/media?parent=280"}],"curies":[{"name":"wp","href":"https:\/\/api.w.org\/{rel}","templated":true}]}}